{"id":431,"date":"2019-05-12T11:47:42","date_gmt":"2019-05-12T11:47:42","guid":{"rendered":"http:\/\/mustafacelebisanat.com\/?page_id=431"},"modified":"2019-05-12T18:16:50","modified_gmt":"2019-05-12T18:16:50","slug":"ozgecmis-omerf","status":"publish","type":"page","link":"https:\/\/mustafacelebisanat.com\/index.php\/ozgecmis-omerf\/","title":{"rendered":"\u00d6ZGE\u00c7M\u0130\u015e-\u00f6merf"},"content":{"rendered":"","protected":false},"excerpt":{"rendered":"","protected":false},"author":1,"featured_media":0,"parent":0,"menu_order":0,"comment_status":"closed","ping_status":"closed","template":"","meta":[],"class_list":["post-431","page","type-page","status-publish","hentry"],"_links":{"self":[{"href":"https:\/\/mustafacelebisanat.com\/index.php\/wp-json\/wp\/v2\/pages\/431","targetHints":{"allow":["GET"]}}],"collection":[{"href":"https:\/\/mustafacelebisanat.com\/index.php\/wp-json\/wp\/v2\/pages"}],"about":[{"href":"https:\/\/mustafacelebisanat.com\/index.php\/wp-json\/wp\/v2\/types\/page"}],"author":[{"embeddable":true,"href":"https:\/\/mustafacelebisanat.com\/index.php\/wp-json\/wp\/v2\/users\/1"}],"replies":[{"embeddable":true,"href":"https:\/\/mustafacelebisanat.com\/index.php\/wp-json\/wp\/v2\/comments?post=431"}],"version-history":[{"count":0,"href":"https:\/\/mustafacelebisanat.com\/index.php\/wp-json\/wp\/v2\/pages\/431\/revisions"}],"wp:attachment":[{"href":"https:\/\/mustafacelebisanat.com\/index.php\/wp-json\/wp\/v2\/media?parent=431"}],"curies":[{"name":"wp","href":"https:\/\/api.w.org\/{rel}","templated":true}]}}