{"id":429,"date":"2019-05-12T11:47:09","date_gmt":"2019-05-12T11:47:09","guid":{"rendered":"http:\/\/mustafacelebisanat.com\/?page_id=429"},"modified":"2019-05-12T18:17:13","modified_gmt":"2019-05-12T18:17:13","slug":"ozgecmis-aysegulcar","status":"publish","type":"page","link":"https:\/\/mustafacelebisanat.com\/index.php\/ozgecmis-aysegulcar\/","title":{"rendered":"\u00d6ZGE\u00c7M\u0130\u015e-ay\u015feg\u00fclcar"},"content":{"rendered":"","protected":false},"excerpt":{"rendered":"","protected":false},"author":1,"featured_media":0,"parent":0,"menu_order":0,"comment_status":"closed","ping_status":"closed","template":"","meta":[],"class_list":["post-429","page","type-page","status-publish","hentry"],"_links":{"self":[{"href":"https:\/\/mustafacelebisanat.com\/index.php\/wp-json\/wp\/v2\/pages\/429","targetHints":{"allow":["GET"]}}],"collection":[{"href":"https:\/\/mustafacelebisanat.com\/index.php\/wp-json\/wp\/v2\/pages"}],"about":[{"href":"https:\/\/mustafacelebisanat.com\/index.php\/wp-json\/wp\/v2\/types\/page"}],"author":[{"embeddable":true,"href":"https:\/\/mustafacelebisanat.com\/index.php\/wp-json\/wp\/v2\/users\/1"}],"replies":[{"embeddable":true,"href":"https:\/\/mustafacelebisanat.com\/index.php\/wp-json\/wp\/v2\/comments?post=429"}],"version-history":[{"count":0,"href":"https:\/\/mustafacelebisanat.com\/index.php\/wp-json\/wp\/v2\/pages\/429\/revisions"}],"wp:attachment":[{"href":"https:\/\/mustafacelebisanat.com\/index.php\/wp-json\/wp\/v2\/media?parent=429"}],"curies":[{"name":"wp","href":"https:\/\/api.w.org\/{rel}","templated":true}]}}