{"id":417,"date":"2019-05-11T16:09:21","date_gmt":"2019-05-11T16:09:21","guid":{"rendered":"http:\/\/mustafacelebisanat.com\/?page_id=417"},"modified":"2019-05-12T18:17:52","modified_gmt":"2019-05-12T18:17:52","slug":"ozgecmis","status":"publish","type":"page","link":"https:\/\/mustafacelebisanat.com\/index.php\/ozgecmis\/","title":{"rendered":"\u00d6ZGE\u00c7M\u0130\u015e-hsnclb"},"content":{"rendered":"","protected":false},"excerpt":{"rendered":"","protected":false},"author":1,"featured_media":0,"parent":0,"menu_order":0,"comment_status":"closed","ping_status":"closed","template":"","meta":[],"class_list":["post-417","page","type-page","status-publish","hentry"],"_links":{"self":[{"href":"https:\/\/mustafacelebisanat.com\/index.php\/wp-json\/wp\/v2\/pages\/417","targetHints":{"allow":["GET"]}}],"collection":[{"href":"https:\/\/mustafacelebisanat.com\/index.php\/wp-json\/wp\/v2\/pages"}],"about":[{"href":"https:\/\/mustafacelebisanat.com\/index.php\/wp-json\/wp\/v2\/types\/page"}],"author":[{"embeddable":true,"href":"https:\/\/mustafacelebisanat.com\/index.php\/wp-json\/wp\/v2\/users\/1"}],"replies":[{"embeddable":true,"href":"https:\/\/mustafacelebisanat.com\/index.php\/wp-json\/wp\/v2\/comments?post=417"}],"version-history":[{"count":0,"href":"https:\/\/mustafacelebisanat.com\/index.php\/wp-json\/wp\/v2\/pages\/417\/revisions"}],"wp:attachment":[{"href":"https:\/\/mustafacelebisanat.com\/index.php\/wp-json\/wp\/v2\/media?parent=417"}],"curies":[{"name":"wp","href":"https:\/\/api.w.org\/{rel}","templated":true}]}}