{"id":288,"date":"2019-05-11T12:21:40","date_gmt":"2019-05-11T12:21:40","guid":{"rendered":"http:\/\/mustafacelebisanat.com\/?page_id=288"},"modified":"2019-05-12T18:18:38","modified_gmt":"2019-05-12T18:18:38","slug":"omer-faruk-ozogul","status":"publish","type":"page","link":"https:\/\/mustafacelebisanat.com\/index.php\/omer-faruk-ozogul\/","title":{"rendered":"\u00d6MER FARUK \u00d6ZO\u011eUL"},"content":{"rendered":"","protected":false},"excerpt":{"rendered":"","protected":false},"author":1,"featured_media":0,"parent":0,"menu_order":0,"comment_status":"closed","ping_status":"closed","template":"","meta":[],"class_list":["post-288","page","type-page","status-publish","hentry"],"_links":{"self":[{"href":"https:\/\/mustafacelebisanat.com\/index.php\/wp-json\/wp\/v2\/pages\/288","targetHints":{"allow":["GET"]}}],"collection":[{"href":"https:\/\/mustafacelebisanat.com\/index.php\/wp-json\/wp\/v2\/pages"}],"about":[{"href":"https:\/\/mustafacelebisanat.com\/index.php\/wp-json\/wp\/v2\/types\/page"}],"author":[{"embeddable":true,"href":"https:\/\/mustafacelebisanat.com\/index.php\/wp-json\/wp\/v2\/users\/1"}],"replies":[{"embeddable":true,"href":"https:\/\/mustafacelebisanat.com\/index.php\/wp-json\/wp\/v2\/comments?post=288"}],"version-history":[{"count":0,"href":"https:\/\/mustafacelebisanat.com\/index.php\/wp-json\/wp\/v2\/pages\/288\/revisions"}],"wp:attachment":[{"href":"https:\/\/mustafacelebisanat.com\/index.php\/wp-json\/wp\/v2\/media?parent=288"}],"curies":[{"name":"wp","href":"https:\/\/api.w.org\/{rel}","templated":true}]}}